{"id":7367,"date":"2022-05-07T12:28:14","date_gmt":"2022-05-07T10:28:14","guid":{"rendered":"https:\/\/dev.astronet.digital\/atfdtn\/videos\/"},"modified":"2025-05-24T04:14:08","modified_gmt":"2025-05-24T02:14:08","slug":"videos","status":"publish","type":"page","link":"https:\/\/atfd-tunisie.org\/en\/videos\/","title":{"rendered":"Videos"},"content":{"rendered":"\t\t<div data-elementor-type=\"wp-page\" data-elementor-id=\"7367\" class=\"elementor elementor-7367\">\n\t\t\t\t        <section class=\"elementor-section elementor-top-section elementor-element elementor-element-5a6ca294 elementor-section-content-middle elementor-section-boxed elementor-section-height-default elementor-section-height-default ct-header-fixed-none ct-row-max-none\" data-id=\"5a6ca294\" data-element_type=\"section\">\n            \n                        <div class=\"elementor-container elementor-column-gap-extended \">\n                    <div class=\"elementor-column elementor-col-50 elementor-top-column elementor-element elementor-element-4cccd8f3\" data-id=\"4cccd8f3\" data-element_type=\"column\">\n        <div class=\"elementor-widget-wrap elementor-element-populated\">\n                    \n        \r\n\t\t<div class=\"elementor-element elementor-element-64f9a477 elementor-widget elementor-widget-ct_heading\" data-id=\"64f9a477\" data-element_type=\"widget\" data-widget_type=\"ct_heading.default\">\n\t\t\t\t<div class=\"elementor-widget-container\">\n\t\t\t\t\t<div id=\"ct_heading-64f9a477\" class=\"ct-heading h-align- sub- ct-heading-left item-st-line-left1\">\r\n    <div class=\"ct-item--inner\">\r\n        <div class=\"ct-inline-css\" data-css=\"\r\n            \">\r\n        <\/div>\r\n                <h3 class=\"item--title st-line-left1 case-animate-time\" data-wow-delay=\"ms\">\r\n                        <span class=\"sp-main\">\r\n                                    <i><\/i>\r\n                \r\n                Notre galerie vid\u00e9os\r\n                \r\n                            <\/span>\r\n                    <\/h3>\r\n    <\/div>\r\n<\/div>\t\t\t\t<\/div>\n\t\t\t\t<\/div>\n\t\t            <\/div>\n        <\/div>\n                <div class=\"elementor-column elementor-col-50 elementor-top-column elementor-element elementor-element-3f489776\" data-id=\"3f489776\" data-element_type=\"column\">\n        <div class=\"elementor-widget-wrap\">\n                    \n                    <\/div>\n        <\/div>\n                    <\/div>\n        <\/section>\n                <section class=\"elementor-section elementor-top-section elementor-element elementor-element-7cbc083 elementor-section-stretched elementor-section-full_width elementor-section-height-default elementor-section-height-default ct-header-fixed-none ct-row-max-none\" data-id=\"7cbc083\" data-element_type=\"section\" data-settings=\"{&quot;stretch_section&quot;:&quot;section-stretched&quot;}\">\n            \n                        <div class=\"elementor-container elementor-column-gap-no \">\n                    <div class=\"elementor-column elementor-col-100 elementor-top-column elementor-element elementor-element-75e7ec9\" data-id=\"75e7ec9\" data-element_type=\"column\">\n        <div class=\"elementor-widget-wrap elementor-element-populated\">\n                    \n        \t\t<div class=\"elementor-element elementor-element-36e3181f elementor-widget elementor-widget-ct_portfolio_grid\" data-id=\"36e3181f\" data-element_type=\"widget\" data-widget_type=\"ct_portfolio_grid.default\">\n\t\t\t\t<div class=\"elementor-widget-container\">\n\t\t\t\t\t\r\n<div id=\"ct_portfolio_grid-36e3181f\" class=\"ct-grid ct-portfolio-grid4\" data-layout=\"masonry\" data-start-page=\"1\" data-max-pages=\"2\" data-total=\"13\" data-perpage=\"8\" data-next-link=\"https:\/\/atfd-tunisie.org\/en\/wp-json\/wp\/v2\/pages\/7367\/page\/2\/\">\r\n    <div class=\"ct-grid-overlay\"><\/div>\r\n    \r\n    <div class=\"ct-grid-inner ct-grid-masonry row animate-time\" data-gutter=\"15\">\r\n                        <div class=\"grid-item col-xl-6 col-lg-4 col-md-6 col-sm-6 col-12 videos\">\r\n                    <div class=\"grid-item-inner wow fadeIn\">\r\n                                                    <div class=\"item--featured\">\r\n                                <img fetchpriority=\"high\" decoding=\"async\" class=\"disable-lazy no-lazyload \" src=\"https:\/\/atfd-tunisie.org\/wp-content\/uploads\/2025\/12\/podcasts-578x332.png\" width=\"578\" height=\"332\" alt=\"podcasts\" title=\"podcasts\" \/>                            <\/div>\r\n                                                <div class=\"item--holder\">\r\n                                                            <div class=\"item--readmore\">\r\n                                    <a href=\"https:\/\/atfd-tunisie.org\/en\/portfolio\/podcats-noun-ta-de-lufim-isra\/\"><i class=\"fa fa-link\"><\/i><\/a>\r\n                                <\/div>\r\n                                                        <div class=\"item--meta\">\r\n                                                                    <h3 class=\"item--title\"><a href=\"https:\/\/atfd-tunisie.org\/en\/portfolio\/podcats-noun-ta-de-lufim-isra\/\">Podcats Noun &#038; Ta de l\u2019UFIM (Isra)<\/a><\/h3>\r\n                                                            <\/div>\r\n                        <\/div>\r\n                    <\/div>\r\n                <\/div>\r\n                            <div class=\"grid-item col-xl-6 col-lg-4 col-md-6 col-sm-6 col-12 videos\">\r\n                    <div class=\"grid-item-inner wow fadeIn\">\r\n                                                    <div class=\"item--featured\">\r\n                                <img fetchpriority=\"high\" decoding=\"async\" class=\"disable-lazy no-lazyload \" src=\"https:\/\/atfd-tunisie.org\/wp-content\/uploads\/2025\/12\/podcasts-578x332.png\" width=\"578\" height=\"332\" alt=\"podcasts\" title=\"podcasts\" \/>                            <\/div>\r\n                                                <div class=\"item--holder\">\r\n                                                            <div class=\"item--readmore\">\r\n                                    <a href=\"https:\/\/atfd-tunisie.org\/en\/portfolio\/podcats-noun-ta-de-lufim-eya\/\"><i class=\"fa fa-link\"><\/i><\/a>\r\n                                <\/div>\r\n                                                        <div class=\"item--meta\">\r\n                                                                    <h3 class=\"item--title\"><a href=\"https:\/\/atfd-tunisie.org\/en\/portfolio\/podcats-noun-ta-de-lufim-eya\/\">Podcats Noun &#038; Ta de l\u2019UFIM (Eya)<\/a><\/h3>\r\n                                                            <\/div>\r\n                        <\/div>\r\n                    <\/div>\r\n                <\/div>\r\n                            <div class=\"grid-item col-xl-6 col-lg-4 col-md-6 col-sm-6 col-12 videos\">\r\n                    <div class=\"grid-item-inner wow fadeIn\">\r\n                                                    <div class=\"item--featured\">\r\n                                <img fetchpriority=\"high\" decoding=\"async\" class=\"disable-lazy no-lazyload \" src=\"https:\/\/atfd-tunisie.org\/wp-content\/uploads\/2025\/12\/podcasts-578x332.png\" width=\"578\" height=\"332\" alt=\"podcasts\" title=\"podcasts\" \/>                            <\/div>\r\n                                                <div class=\"item--holder\">\r\n                                                            <div class=\"item--readmore\">\r\n                                    <a href=\"https:\/\/atfd-tunisie.org\/en\/portfolio\/podcats-noun-ta-de-lufim-yosra-2\/\"><i class=\"fa fa-link\"><\/i><\/a>\r\n                                <\/div>\r\n                                                        <div class=\"item--meta\">\r\n                                                                    <h3 class=\"item--title\"><a href=\"https:\/\/atfd-tunisie.org\/en\/portfolio\/podcats-noun-ta-de-lufim-yosra-2\/\">Podcats Noun &#038; Ta de l\u2019UFIM (Yosra 2)<\/a><\/h3>\r\n                                                            <\/div>\r\n                        <\/div>\r\n                    <\/div>\r\n                <\/div>\r\n                            <div class=\"grid-item col-xl-6 col-lg-4 col-md-6 col-sm-6 col-12 videos\">\r\n                    <div class=\"grid-item-inner wow fadeIn\">\r\n                                                    <div class=\"item--featured\">\r\n                                <img fetchpriority=\"high\" decoding=\"async\" class=\"disable-lazy no-lazyload \" src=\"https:\/\/atfd-tunisie.org\/wp-content\/uploads\/2025\/12\/podcasts-578x332.png\" width=\"578\" height=\"332\" alt=\"podcasts\" title=\"podcasts\" \/>                            <\/div>\r\n                                                <div class=\"item--holder\">\r\n                                                            <div class=\"item--readmore\">\r\n                                    <a href=\"https:\/\/atfd-tunisie.org\/en\/portfolio\/podcats-noun-ta-de-lufim-yosra-1\/\"><i class=\"fa fa-link\"><\/i><\/a>\r\n                                <\/div>\r\n                                                        <div class=\"item--meta\">\r\n                                                                    <h3 class=\"item--title\"><a href=\"https:\/\/atfd-tunisie.org\/en\/portfolio\/podcats-noun-ta-de-lufim-yosra-1\/\">Podcats Noun &#038; Ta de l\u2019UFIM (Yosra 1)<\/a><\/h3>\r\n                                                            <\/div>\r\n                        <\/div>\r\n                    <\/div>\r\n                <\/div>\r\n                            <div class=\"grid-item col-xl-6 col-lg-4 col-md-6 col-sm-6 col-12 videos\">\r\n                    <div class=\"grid-item-inner wow fadeIn\">\r\n                                                    <div class=\"item--featured\">\r\n                                <img fetchpriority=\"high\" decoding=\"async\" class=\"disable-lazy no-lazyload \" src=\"https:\/\/atfd-tunisie.org\/wp-content\/uploads\/2025\/12\/podcasts-578x332.png\" width=\"578\" height=\"332\" alt=\"podcasts\" title=\"podcasts\" \/>                            <\/div>\r\n                                                <div class=\"item--holder\">\r\n                                                            <div class=\"item--readmore\">\r\n                                    <a href=\"https:\/\/atfd-tunisie.org\/en\/portfolio\/podcats-noun-ta-de-lufim-ahlem-ghofran\/\"><i class=\"fa fa-link\"><\/i><\/a>\r\n                                <\/div>\r\n                                                        <div class=\"item--meta\">\r\n                                                                    <h3 class=\"item--title\"><a href=\"https:\/\/atfd-tunisie.org\/en\/portfolio\/podcats-noun-ta-de-lufim-ahlem-ghofran\/\">Podcats Noun &#038; Ta de l&#8217;UFIM (Ahlem &#038; Ghofran)<\/a><\/h3>\r\n                                                            <\/div>\r\n                        <\/div>\r\n                    <\/div>\r\n                <\/div>\r\n                            <div class=\"grid-item col-xl-6 col-lg-4 col-md-6 col-sm-6 col-12 videos\">\r\n                    <div class=\"grid-item-inner wow fadeIn\">\r\n                                                    <div class=\"item--featured\">\r\n                                <img decoding=\"async\" class=\"disable-lazy no-lazyload \" src=\"https:\/\/atfd-tunisie.org\/wp-content\/uploads\/2025\/11\/585591337_122189169452362164_3919708101838565406_n.jpg\" width=\"526\" height=\"275\" alt=\"585591337_122189169452362164_3919708101838565406_n\" title=\"585591337_122189169452362164_3919708101838565406_n\" \/>                            <\/div>\r\n                                                <div class=\"item--holder\">\r\n                                                            <div class=\"item--readmore\">\r\n                                    <a href=\"https:\/\/atfd-tunisie.org\/en\/portfolio\/29-11-2025\/\"><i class=\"fa fa-link\"><\/i><\/a>\r\n                                <\/div>\r\n                                                        <div class=\"item--meta\">\r\n                                                                    <h3 class=\"item--title\"><a href=\"https:\/\/atfd-tunisie.org\/en\/portfolio\/29-11-2025\/\">#NousSommesDeRetour<\/a><\/h3>\r\n                                                            <\/div>\r\n                        <\/div>\r\n                    <\/div>\r\n                <\/div>\r\n                            <div class=\"grid-item col-xl-6 col-lg-4 col-md-6 col-sm-6 col-12 videos\">\r\n                    <div class=\"grid-item-inner wow fadeIn\">\r\n                                                    <div class=\"item--featured\">\r\n                                <img decoding=\"async\" class=\"disable-lazy no-lazyload \" src=\"https:\/\/atfd-tunisie.org\/wp-content\/uploads\/2022\/10\/Seminaire-600x332.jpg\" width=\"600\" height=\"332\" alt=\"Seminaire\" title=\"Seminaire\" \/>                            <\/div>\r\n                                                <div class=\"item--holder\">\r\n                                                            <div class=\"item--readmore\">\r\n                                    <a href=\"https:\/\/atfd-tunisie.org\/en\/portfolio\/%d8%b9%d9%88%d8%af%d8%a9-%d8%b9%d9%84%d9%89-%d8%a7%d9%84%d9%86%d8%af%d9%88%d8%a9-%d8%a7%d9%84%d9%88%d8%b7%d9%86%d9%8a%d8%a9-%d8%a7%d9%84%d8%aa%d9%8a-%d8%a7%d9%86%d8%aa%d8%b8%d9%85%d8%aa-%d8%aa%d8%ad\/\"><i class=\"fa fa-link\"><\/i><\/a>\r\n                                <\/div>\r\n                                                        <div class=\"item--meta\">\r\n                                                                    <h3 class=\"item--title\"><a href=\"https:\/\/atfd-tunisie.org\/en\/portfolio\/%d8%b9%d9%88%d8%af%d8%a9-%d8%b9%d9%84%d9%89-%d8%a7%d9%84%d9%86%d8%af%d9%88%d8%a9-%d8%a7%d9%84%d9%88%d8%b7%d9%86%d9%8a%d8%a9-%d8%a7%d9%84%d8%aa%d9%8a-%d8%a7%d9%86%d8%aa%d8%b8%d9%85%d8%aa-%d8%aa%d8%ad\/\">\u0639\u0648\u062f\u0629 \u0639\u0644\u0649 \u0627\u0644\u0646\u062f\u0648\u0629 \u0627\u0644\u0648\u0637\u0646\u064a\u0629 \u0627\u0644\u062a\u064a \u0627\u0646\u062a\u0638\u0645\u062a \u062a\u062d\u062a \u0639\u0646\u0648\u0627\u0646 &#8221; \u062d\u0642\u0648\u0642 \u0627\u0644\u0646\u0633\u0627\u0621 \u0641\u064a \u0627\u0644\u062f\u0633\u062a\u0648\u0631 \u0627\u0644\u062c\u062f\u064a\u062f \u0648 \u0627\u0644\u062a\u0636\u0627\u0645\u0646 \u0627\u0644\u0646\u0633\u0648\u064a \u0641\u064a \u0645\u0648\u0627\u062c\u0647\u0629 \u0627\u0644\u0631\u0647\u0627\u0646\u0627\u062a \u0648 \u0627\u0644\u062a\u062d\u062f\u064a\u0627\u062a \u0627\u0644\u062c\u062f\u064a\u062f\u0629 &#8221; \u0641\u064a 7 \u0633\u0628\u062a\u0645\u0628\u0631 2022<\/a><\/h3>\r\n                                                            <\/div>\r\n                        <\/div>\r\n                    <\/div>\r\n                <\/div>\r\n                            <div class=\"grid-item col-xl-6 col-lg-4 col-md-6 col-sm-6 col-12 videos\">\r\n                    <div class=\"grid-item-inner wow fadeIn\">\r\n                                                    <div class=\"item--featured\">\r\n                                <img decoding=\"async\" class=\"disable-lazy no-lazyload \" src=\"https:\/\/atfd-tunisie.org\/wp-content\/uploads\/2022\/10\/Seminaire-600x332.jpg\" width=\"600\" height=\"332\" alt=\"Seminaire\" title=\"Seminaire\" \/>                            <\/div>\r\n                                                <div class=\"item--holder\">\r\n                                                            <div class=\"item--readmore\">\r\n                                    <a href=\"https:\/\/atfd-tunisie.org\/en\/portfolio\/retour-sur-le-seminaire-du-7-septembre-2022-les-droits-des-femmes-a-lepreuve-de-la-nouvelle-constitution-et-la-solidarite-feministe-face-aux-nouveaux-defis\/\"><i class=\"fa fa-link\"><\/i><\/a>\r\n                                <\/div>\r\n                                                        <div class=\"item--meta\">\r\n                                                                    <h3 class=\"item--title\"><a href=\"https:\/\/atfd-tunisie.org\/en\/portfolio\/retour-sur-le-seminaire-du-7-septembre-2022-les-droits-des-femmes-a-lepreuve-de-la-nouvelle-constitution-et-la-solidarite-feministe-face-aux-nouveaux-defis\/\">Retour sur le s\u00e9minaire du 7 septembre 2022 \u00ab Les droits des femmes \u00e0 l\u2019\u00e9preuve de la nouvelle constitution et la solidarit\u00e9 f\u00e9ministe face aux nouveaux d\u00e9fis \u00bb<\/a><\/h3>\r\n                                                            <\/div>\r\n                        <\/div>\r\n                    <\/div>\r\n                <\/div>\r\n                                <div class=\"grid-sizer col-xl-6 col-lg-4 col-md-6 col-sm-6 col-12\"><\/div>\r\n            <\/div>\r\n            <div class=\"ct-grid-pagination\" data-loadmore=\"{&quot;posttype&quot;:&quot;portfolio&quot;,&quot;startPage&quot;:1,&quot;maxPages&quot;:2,&quot;total&quot;:13,&quot;perpage&quot;:&quot;8&quot;,&quot;nextLink&quot;:&quot;https:\\\/\\\/atfd-tunisie.org\\\/en\\\/wp-json\\\/wp\\\/v2\\\/pages\\\/7367\\\/page\\\/2\\\/&quot;,&quot;source&quot;:[&quot;videos|portfolio-category&quot;],&quot;orderby&quot;:&quot;date&quot;,&quot;order&quot;:&quot;desc&quot;,&quot;limit&quot;:&quot;8&quot;,&quot;post_ids&quot;:&quot;&quot;,&quot;col_xl&quot;:6,&quot;col_lg&quot;:4,&quot;col_md&quot;:6,&quot;col_sm&quot;:6,&quot;col_xs&quot;:12,&quot;thumbnail_size&quot;:&quot;custom&quot;,&quot;thumbnail_custom_dimension&quot;:{&quot;width&quot;:&quot;&quot;,&quot;height&quot;:&quot;&quot;},&quot;pagination_type&quot;:&quot;pagination&quot;,&quot;show_title&quot;:&quot;true&quot;,&quot;show_category&quot;:&quot;&quot;,&quot;show_button&quot;:&quot;true&quot;,&quot;ct_animate&quot;:&quot;wow fadeIn&quot;,&quot;template_type&quot;:&quot;portfolio_layout4&quot;,&quot;tax&quot;:[&quot;portfolio-category&quot;]}\" data-query=\"{&quot;post_type&quot;:&quot;portfolio&quot;,&quot;post_status&quot;:&quot;publish&quot;,&quot;posts_per_page&quot;:8,&quot;order&quot;:&quot;desc&quot;,&quot;orderby&quot;:&quot;date&quot;,&quot;tax_query&quot;:{&quot;relation&quot;:&quot;OR&quot;,&quot;0&quot;:{&quot;taxonomy&quot;:&quot;portfolio-category&quot;,&quot;field&quot;:&quot;slug&quot;,&quot;operator&quot;:&quot;IN&quot;,&quot;terms&quot;:[&quot;videos&quot;]}},&quot;post__not_in&quot;:[7367]}\">\r\n                <nav class=\"navigation posts-pagination ajax\">\r\n        <div class=\"posts-page-links\">\r\n            <span aria-current=\"page\" class=\"page-numbers current\">1<\/span>\n<a class=\"page-numbers\" href=\"#2\">2<\/a>\n<a class=\"next page-numbers\" href=\"#2\"><i class=\"far fac-angle-right\"><\/i><\/a>        <\/div>\r\n    <\/nav>\r\n            <\/div>\r\n        <\/div>\t\t\t\t<\/div>\n\t\t\t\t<\/div>\n\t\t            <\/div>\n        <\/div>\n                    <\/div>\n        <\/section>\n        \t\t<\/div>\n\t\t","protected":false},"excerpt":{"rendered":"<p>Notre galerie vid\u00e9os LA PR\u00c9SIDENTE DE LA FIDH, ALICE MOGWE DANS SON MESSAGE \u00c0 L\u2019OCCASION DE L\u2019OUVERTURE DU 13EME CONGRES DE L\u2019ATFD HOMMAGE NAWEL SAADAOUI \u0627\u0644\u0645\u0646\u0627\u0636\u0644\u0629 \u0632\u064a\u0646\u0628 \u0645\u062d\u0645\u062f \u0627\u0644\u0639\u0636\u0648\u0629 \u0641\u064a \u0627\u0644\u0639\u0644\u0627\u0642\u0627\u062a \u0627\u0644\u062f\u0628\u0644\u0648\u0645\u0627\u0633\u064a\u0629 \u0644\u0645\u0624\u062a\u0645\u0631 \u0633\u062a\u0627\u0631 \u0641\u064a \u0643\u0644\u0645\u0629 \u0644\u0647\u0627 \u0644\u0644\u062c\u0645\u0639\u064a\u0629 \u0627\u0644\u062a\u0648\u0646\u0633\u064a\u0629 \u0644\u0644\u0646\u0633\u0627\u0621 \u0627\u0644\u062f\u064a\u0645\u0642\u0631\u0627\u0637\u064a\u0627\u062a \u0628\u0645\u0646\u0627\u0633\u0628\u0629 \u0627\u0644\u0645\u0624\u062a\u0645\u0631 \u0627\u0644\u062b\u0627\u0644\u062b \u0639\u0634\u0631 \u0627\u0644\u0645\u0624\u062a\u0645\u0631 \u0627\u0644\u062b\u0627\u0644\u062b \u0639\u0634\u0631 \u0644\u0644\u062c\u0645\u0639\u064a\u0629 \u0627\u0644\u062a\u0648\u0646\u0633\u064a\u0629 \u0644\u0644\u0646\u0633\u0627\u0621 \u0627\u0644\u062f\u064a\u0645\u0642\u0631\u0627\u0637\u064a\u0627\u062a<\/p>\n","protected":false},"author":12,"featured_media":0,"parent":0,"menu_order":0,"comment_status":"closed","ping_status":"closed","template":"","meta":{"footnotes":""},"class_list":["post-7367","page","type-page","status-publish","hentry"],"_links":{"self":[{"href":"https:\/\/atfd-tunisie.org\/en\/wp-json\/wp\/v2\/pages\/7367","targetHints":{"allow":["GET"]}}],"collection":[{"href":"https:\/\/atfd-tunisie.org\/en\/wp-json\/wp\/v2\/pages"}],"about":[{"href":"https:\/\/atfd-tunisie.org\/en\/wp-json\/wp\/v2\/types\/page"}],"author":[{"embeddable":true,"href":"https:\/\/atfd-tunisie.org\/en\/wp-json\/wp\/v2\/users\/12"}],"replies":[{"embeddable":true,"href":"https:\/\/atfd-tunisie.org\/en\/wp-json\/wp\/v2\/comments?post=7367"}],"version-history":[{"count":1,"href":"https:\/\/atfd-tunisie.org\/en\/wp-json\/wp\/v2\/pages\/7367\/revisions"}],"predecessor-version":[{"id":7368,"href":"https:\/\/atfd-tunisie.org\/en\/wp-json\/wp\/v2\/pages\/7367\/revisions\/7368"}],"wp:attachment":[{"href":"https:\/\/atfd-tunisie.org\/en\/wp-json\/wp\/v2\/media?parent=7367"}],"curies":[{"name":"wp","href":"https:\/\/api.w.org\/{rel}","templated":true}]}}