{"id":7363,"date":"2019-11-02T02:32:23","date_gmt":"2019-11-02T01:32:23","guid":{"rendered":"https:\/\/dev.astronet.digital\/atfdtn\/finance-and-transparency\/"},"modified":"2025-05-24T04:13:43","modified_gmt":"2025-05-24T02:13:43","slug":"finance-and-transparency","status":"publish","type":"page","link":"https:\/\/atfd-tunisie.org\/en\/finance-and-transparency\/","title":{"rendered":"FINANCE AND TRANSPARENCY"},"content":{"rendered":"\t\t<div data-elementor-type=\"wp-page\" data-elementor-id=\"7363\" class=\"elementor elementor-7363\">\n\t\t\t\t        <section class=\"elementor-section elementor-top-section elementor-element elementor-element-928f20f elementor-section-boxed elementor-section-height-default elementor-section-height-default ct-header-fixed-none ct-row-max-none\" data-id=\"928f20f\" data-element_type=\"section\">\n            \n                        <div class=\"elementor-container elementor-column-gap-extended \">\n                    <div class=\"elementor-column elementor-col-100 elementor-top-column elementor-element elementor-element-b1ac6d1\" data-id=\"b1ac6d1\" data-element_type=\"column\">\n        <div class=\"elementor-widget-wrap elementor-element-populated\">\n                    \n        \r\n\t\t<div class=\"elementor-element elementor-element-8c0262c elementor-widget elementor-widget-ct_blog_grid\" data-id=\"8c0262c\" data-element_type=\"widget\" data-widget_type=\"ct_blog_grid.default\">\n\t\t\t\t<div class=\"elementor-widget-container\">\n\t\t\t\t\t\r\n<div id=\"ct_blog_grid-8c0262c\" class=\"ct-grid ct-blog-grid ct-blog-grid-layout1\" data-layout=\"masonry\" data-start-page=\"1\" data-max-pages=\"0\" data-total=\"0\" data-perpage=\"6\" data-next-link=\"https:\/\/atfd-tunisie.org\/en\/wp-json\/wp\/v2\/pages\/7363\/page\/2\/\">\r\n    <div class=\"ct-grid-overlay\"><\/div>\r\n    \r\n    <div class=\"ct-grid-inner ct-grid-masonry row animate-time\" data-gutter=\"15\">\r\n                    <div class=\"grid-sizer col-xl-6 col-lg-6 col-md-6 col-sm-6 col-12\"><\/div>\r\n                    <\/div>\r\n        <\/div>\t\t\t\t<\/div>\n\t\t\t\t<\/div>\n\t\t            <\/div>\n        <\/div>\n                    <\/div>\n        <\/section>\n        \t\t<\/div>\n\t\t","protected":false},"excerpt":{"rendered":"<p>\u0627\u0639\u0644\u0627\u0645 \u0627\u0644\u062d\u0643\u0648\u0645\u0629 9 \u0646\u0648\u0641\u0645\u0628\u0631 2021 Lire L&#8217;article Rapport Financement ATFD Lire L&#8217;article Rapport g\u00e9n\u00e9ral du commissaire aux comptes \u00e9tats financiers arr\u00eat\u00e9s au 31 DEC 2019 Lire L&#8217;article<\/p>\n","protected":false},"author":12,"featured_media":0,"parent":0,"menu_order":0,"comment_status":"closed","ping_status":"closed","template":"","meta":{"footnotes":""},"class_list":["post-7363","page","type-page","status-publish","hentry"],"_links":{"self":[{"href":"https:\/\/atfd-tunisie.org\/en\/wp-json\/wp\/v2\/pages\/7363","targetHints":{"allow":["GET"]}}],"collection":[{"href":"https:\/\/atfd-tunisie.org\/en\/wp-json\/wp\/v2\/pages"}],"about":[{"href":"https:\/\/atfd-tunisie.org\/en\/wp-json\/wp\/v2\/types\/page"}],"author":[{"embeddable":true,"href":"https:\/\/atfd-tunisie.org\/en\/wp-json\/wp\/v2\/users\/12"}],"replies":[{"embeddable":true,"href":"https:\/\/atfd-tunisie.org\/en\/wp-json\/wp\/v2\/comments?post=7363"}],"version-history":[{"count":1,"href":"https:\/\/atfd-tunisie.org\/en\/wp-json\/wp\/v2\/pages\/7363\/revisions"}],"predecessor-version":[{"id":7364,"href":"https:\/\/atfd-tunisie.org\/en\/wp-json\/wp\/v2\/pages\/7363\/revisions\/7364"}],"wp:attachment":[{"href":"https:\/\/atfd-tunisie.org\/en\/wp-json\/wp\/v2\/media?parent=7363"}],"curies":[{"name":"wp","href":"https:\/\/api.w.org\/{rel}","templated":true}]}}