{"id":6932,"date":"2019-11-02T02:32:13","date_gmt":"2019-11-02T01:32:13","guid":{"rendered":"https:\/\/dev.astronet.digital\/atfdtn\/%d8%a7%d9%84%d9%85%d9%86%d8%b4%d9%88%d8%b1%d8%a7%d8%aa\/"},"modified":"2025-05-24T04:14:10","modified_gmt":"2025-05-24T02:14:10","slug":"%d8%a7%d9%84%d8%a8%d9%8a%d8%a7%d9%86%d8%a7%d8%aa","status":"publish","type":"page","link":"https:\/\/atfd-tunisie.org\/ar\/%d8%a7%d9%84%d8%a8%d9%8a%d8%a7%d9%86%d8%a7%d8%aa\/","title":{"rendered":"\u0627\u0644\u0628\u064a\u0627\u0646\u0627\u062a"},"content":{"rendered":"\t\t<div data-elementor-type=\"wp-page\" data-elementor-id=\"6932\" class=\"elementor elementor-6932\">\n\t\t\t\t\r\n        <section class=\"elementor-section elementor-top-section elementor-element elementor-element-4f12f44b elementor-section-content-middle elementor-section-boxed elementor-section-height-default elementor-section-height-default ct-header-fixed-none ct-row-max-none\" data-id=\"4f12f44b\" data-element_type=\"section\">\n            \n                        <div class=\"elementor-container elementor-column-gap-extended \">\n                    <div class=\"elementor-column elementor-col-50 elementor-top-column elementor-element elementor-element-607e712a\" data-id=\"607e712a\" data-element_type=\"column\">\n        <div class=\"elementor-widget-wrap elementor-element-populated\">\n                    \n        \r\n\t\t<div class=\"elementor-element elementor-element-33eb12a5 elementor-widget elementor-widget-ct_heading\" data-id=\"33eb12a5\" data-element_type=\"widget\" data-widget_type=\"ct_heading.default\">\n\t\t\t\t<div class=\"elementor-widget-container\">\n\t\t\t\t\t<div id=\"ct_heading-33eb12a5\" class=\"ct-heading h-align-right sub-style1 ct-heading-left item-st-default\">\r\n    <div class=\"ct-item--inner\">\r\n        <div class=\"ct-inline-css\" data-css=\"\r\n            \">\r\n        <\/div>\r\n                    <div class=\"item--sub-title style1 show-line\">\r\n                                                                \u0627\u0644\u0628\u064a\u0627\u0646\u0627\u062a                                                                            <\/div>\r\n                <h3 class=\"item--title st-default case-animate-time\" data-wow-delay=\"ms\">\r\n                        <span class=\"sp-main\">\r\n                \r\n                \u0628\u064a\u0627\u0646\u0627\u062a \u0627\u0644\u062c\u0645\u0639\u064a\u0629 \u0627\u0644\u062a\u0648\u0646\u0633\u064a\u0629 \u0644\u0644\u0646\u0633\u0627\u0621 \u0627\u0644\u062f\u064a\u0645\u0642\u0631\u0627\u0637\u064a\u0627\u062a\r\n                \r\n                            <\/span>\r\n                    <\/h3>\r\n    <\/div>\r\n<\/div>\t\t\t\t<\/div>\n\t\t\t\t<\/div>\n\t\t            <\/div>\n        <\/div>\n                <div class=\"elementor-column elementor-col-50 elementor-top-column elementor-element elementor-element-20cca318\" data-id=\"20cca318\" data-element_type=\"column\">\n        <div class=\"elementor-widget-wrap\">\n                    \n                    <\/div>\n        <\/div>\n                    <\/div>\n        <\/section>\n                <section class=\"elementor-section elementor-top-section elementor-element elementor-element-876c16b elementor-section-boxed elementor-section-height-default elementor-section-height-default ct-header-fixed-none ct-row-max-none\" data-id=\"876c16b\" data-element_type=\"section\">\n            \n                        <div class=\"elementor-container elementor-column-gap-default \">\n                    <div class=\"elementor-column elementor-col-100 elementor-top-column elementor-element elementor-element-7285716\" data-id=\"7285716\" data-element_type=\"column\">\n        <div class=\"elementor-widget-wrap elementor-element-populated\">\n                    \n        \t\t<div class=\"elementor-element elementor-element-2a2858b elementor-widget elementor-widget-ct_blog_grid\" data-id=\"2a2858b\" data-element_type=\"widget\" data-widget_type=\"ct_blog_grid.default\">\n\t\t\t\t<div class=\"elementor-widget-container\">\n\t\t\t\t\t\r\n<div id=\"ct_blog_grid-2a2858b\" class=\"ct-grid ct-blog-grid ct-blog-grid-layout1\" data-layout=\"masonry\" data-start-page=\"1\" data-max-pages=\"1\" data-total=\"5\" data-perpage=\"100\" data-next-link=\"\">\r\n    <div class=\"ct-grid-overlay\"><\/div>\r\n    \r\n    <div class=\"ct-grid-inner ct-grid-masonry row animate-time\" data-gutter=\"15\">\r\n                    <div class=\"grid-sizer col-xl-4 col-lg-4 col-md-4 col-sm-6 col-12\"><\/div>\r\n                                <div class=\"grid-item col-xl-4 col-lg-4 col-md-4 col-sm-6 col-12 filter-category-102\">\r\n                    <div class=\"grid-item-inner \">\r\n                                                    <div class=\"entry-featured\">\r\n                                <a href=\"https:\/\/atfd-tunisie.org\/ar\/%d8%a8%d9%8a%d8%a7%d9%86-%d9%85%d8%b3%d8%a7%d9%86%d8%af%d8%a9\/\"><img fetchpriority=\"high\" decoding=\"async\" class=\"disable-lazy no-lazyload \" src=\"https:\/\/atfd-tunisie.org\/wp-content\/uploads\/2022\/05\/bayan-Recupere_Mesa-de-trabajo-1-copie-14_Mesa-de-trabajo-1-copie-14-2-600x414.jpg\" width=\"600\" height=\"414\" alt=\"bayan [R\u00e9cup\u00e9r\u00e9]_Mesa de trabajo 1 copie 14_Mesa de trabajo 1 copie 14\" title=\"bayan [R\u00e9cup\u00e9r\u00e9]_Mesa de trabajo 1 copie 14_Mesa de trabajo 1 copie 14\" \/><\/a>\r\n                            <\/div>\r\n                                                <div class=\"entry-body\">\r\n                            <div class=\"entry-holder\">\r\n                                                                    <ul class=\"entry-meta\">\r\n                                                                                    <li class=\"item-date\"><i class=\"fac fac-calendar-alt\"><\/i>24 \u0645\u0627\u064a\u0648 2022<\/li>\r\n                                                                                                                    <\/ul>\r\n                                                                <h3 class=\"entry-title\"><a href=\"https:\/\/atfd-tunisie.org\/ar\/%d8%a8%d9%8a%d8%a7%d9%86-%d9%85%d8%b3%d8%a7%d9%86%d8%af%d8%a9\/\">\u0628\u064a\u0627\u0646 \u0645\u0633\u0627\u0646\u062f\u0629<\/a><\/h3>\r\n                                                                    <div class=\"entry-readmore\">\r\n                                        <a href=\"https:\/\/atfd-tunisie.org\/ar\/%d8%a8%d9%8a%d8%a7%d9%86-%d9%85%d8%b3%d8%a7%d9%86%d8%af%d8%a9\/\">\r\n                                            \u0627\u0642\u0631\u0623 \u0627\u0644\u0645\u0642\u0627\u0644                                            <i class=\"fac fac-angle-double-right space-left\"><\/i>\r\n                                        <\/a>\r\n                                    <\/div>\r\n                                                            <\/div>\r\n                        <\/div>\r\n                    <\/div>\r\n                <\/div>\r\n                            <div class=\"grid-item col-xl-4 col-lg-4 col-md-4 col-sm-6 col-12 filter-category-102\">\r\n                    <div class=\"grid-item-inner \">\r\n                                                    <div class=\"entry-featured\">\r\n                                <a href=\"https:\/\/atfd-tunisie.org\/ar\/%d8%a7%d9%84%d9%82%d8%b6%d8%a7%d8%a1-%d9%8a%d9%86%d8%b5%d9%81-%d9%88%d9%81%d8%a7%d8%a1-%d9%81%d9%85%d8%aa%d9%89-%d9%8a%d9%86%d8%b5%d9%81-%d9%83%d9%84-%d8%a7%d9%84%d9%86%d8%b3%d8%a7%d8%a1\/\"><img decoding=\"async\" class=\"disable-lazy no-lazyload \" src=\"https:\/\/atfd-tunisie.org\/wp-content\/uploads\/2022\/06\/Cp-Wafa-565x414.jpg\" width=\"565\" height=\"414\" alt=\"Cp-Wafa\" title=\"Cp-Wafa\" \/><\/a>\r\n                            <\/div>\r\n                                                <div class=\"entry-body\">\r\n                            <div class=\"entry-holder\">\r\n                                                                    <ul class=\"entry-meta\">\r\n                                                                                    <li class=\"item-date\"><i class=\"fac fac-calendar-alt\"><\/i>25 \u0623\u0628\u0631\u064a\u0644 2022<\/li>\r\n                                                                                                                    <\/ul>\r\n                                                                <h3 class=\"entry-title\"><a href=\"https:\/\/atfd-tunisie.org\/ar\/%d8%a7%d9%84%d9%82%d8%b6%d8%a7%d8%a1-%d9%8a%d9%86%d8%b5%d9%81-%d9%88%d9%81%d8%a7%d8%a1-%d9%81%d9%85%d8%aa%d9%89-%d9%8a%d9%86%d8%b5%d9%81-%d9%83%d9%84-%d8%a7%d9%84%d9%86%d8%b3%d8%a7%d8%a1\/\">\u0627\u0644\u0642\u0636\u0627\u0621 \u064a\u0646\u0635\u0641 \u0648\u0641\u0627\u0621\u2026 \u0641\u0645\u062a\u0649 \u064a\u0646\u0635\u0641 \u0643\u0644 \u0627\u0644\u0646\u0633\u0627\u0621<\/a><\/h3>\r\n                                                                    <div class=\"entry-readmore\">\r\n                                        <a href=\"https:\/\/atfd-tunisie.org\/ar\/%d8%a7%d9%84%d9%82%d8%b6%d8%a7%d8%a1-%d9%8a%d9%86%d8%b5%d9%81-%d9%88%d9%81%d8%a7%d8%a1-%d9%81%d9%85%d8%aa%d9%89-%d9%8a%d9%86%d8%b5%d9%81-%d9%83%d9%84-%d8%a7%d9%84%d9%86%d8%b3%d8%a7%d8%a1\/\">\r\n                                            \u0627\u0642\u0631\u0623 \u0627\u0644\u0645\u0642\u0627\u0644                                            <i class=\"fac fac-angle-double-right space-left\"><\/i>\r\n                                        <\/a>\r\n                                    <\/div>\r\n                                                            <\/div>\r\n                        <\/div>\r\n                    <\/div>\r\n                <\/div>\r\n                            <div class=\"grid-item col-xl-4 col-lg-4 col-md-4 col-sm-6 col-12 filter-category-102\">\r\n                    <div class=\"grid-item-inner \">\r\n                                                    <div class=\"entry-featured\">\r\n                                <a href=\"https:\/\/atfd-tunisie.org\/ar\/%d9%81%d9%8a-%d8%a7%d9%84%d9%8a%d9%88%d9%85-%d8%a7%d9%84%d8%b9%d8%a7%d9%84%d9%85%d9%8a-%d9%84%d8%ad%d9%82%d9%88%d9%82-%d8%a7%d9%84%d9%86%d8%b3%d8%a7%d8%a1-%d8%b1%d8%b3%d8%a7%d9%84%d8%a9-%d8%a7%d9%84\/\"><img decoding=\"async\" class=\"disable-lazy no-lazyload \" src=\"https:\/\/atfd-tunisie.org\/wp-content\/uploads\/2022\/04\/photo-atdf.png\" width=\"337\" height=\"205\" alt=\"photo-atdf\" title=\"photo-atdf\" \/><\/a>\r\n                            <\/div>\r\n                                                <div class=\"entry-body\">\r\n                            <div class=\"entry-holder\">\r\n                                                                    <ul class=\"entry-meta\">\r\n                                                                                    <li class=\"item-date\"><i class=\"fac fac-calendar-alt\"><\/i>11 \u0645\u0627\u0631\u0633 2022<\/li>\r\n                                                                                                                    <\/ul>\r\n                                                                <h3 class=\"entry-title\"><a href=\"https:\/\/atfd-tunisie.org\/ar\/%d9%81%d9%8a-%d8%a7%d9%84%d9%8a%d9%88%d9%85-%d8%a7%d9%84%d8%b9%d8%a7%d9%84%d9%85%d9%8a-%d9%84%d8%ad%d9%82%d9%88%d9%82-%d8%a7%d9%84%d9%86%d8%b3%d8%a7%d8%a1-%d8%b1%d8%b3%d8%a7%d9%84%d8%a9-%d8%a7%d9%84\/\">\u0641\u064a \u0627\u0644\u064a\u0648\u0645 \u0627\u0644\u0639\u0627\u0644\u0645\u064a \u0644\u062d\u0642\u0648\u0642 \u0627\u0644\u0646\u0633\u0627\u0621: \u0631\u0633\u0627\u0644\u0629 \u0627\u0644\u062c\u0645\u0639\u064a\u0629 \u0627\u0644\u062a\u0648\u0646\u0633\u064a\u0629 \u0644\u0644\u0646\u0633\u0627\u0621 \u0627\u0644\u062f\u064a\u0645\u0642\u0631\u0627\u0637\u064a\u0627\u062a \u0625\u0644\u0649 \u0627\u0644\u0631\u0623\u064a \u0627\u0644\u0639\u0627\u0645<\/a><\/h3>\r\n                                                                    <div class=\"entry-readmore\">\r\n                                        <a href=\"https:\/\/atfd-tunisie.org\/ar\/%d9%81%d9%8a-%d8%a7%d9%84%d9%8a%d9%88%d9%85-%d8%a7%d9%84%d8%b9%d8%a7%d9%84%d9%85%d9%8a-%d9%84%d8%ad%d9%82%d9%88%d9%82-%d8%a7%d9%84%d9%86%d8%b3%d8%a7%d8%a1-%d8%b1%d8%b3%d8%a7%d9%84%d8%a9-%d8%a7%d9%84\/\">\r\n                                            \u0627\u0642\u0631\u0623 \u0627\u0644\u0645\u0642\u0627\u0644                                            <i class=\"fac fac-angle-double-right space-left\"><\/i>\r\n                                        <\/a>\r\n                                    <\/div>\r\n                                                            <\/div>\r\n                        <\/div>\r\n                    <\/div>\r\n                <\/div>\r\n                            <div class=\"grid-item col-xl-4 col-lg-4 col-md-4 col-sm-6 col-12 filter-category-102\">\r\n                    <div class=\"grid-item-inner \">\r\n                                                    <div class=\"entry-featured\">\r\n                                <a href=\"https:\/\/atfd-tunisie.org\/ar\/%d8%a7%d8%b1%d9%81%d8%b9%d9%88%d8%a7-%d8%a3%d9%8a%d8%af%d9%8a%d9%83%d9%85-%d8%b9%d9%86-%d8%a3%d8%ac%d8%b3%d8%a7%d8%af-%d8%a7%d9%84%d9%86%d8%b3%d8%a7%d8%a1\/\"><img decoding=\"async\" class=\"disable-lazy no-lazyload \" src=\"https:\/\/atfd-tunisie.org\/wp-content\/uploads\/2022\/04\/photo-atdf.png\" width=\"337\" height=\"205\" alt=\"photo-atdf\" title=\"photo-atdf\" \/><\/a>\r\n                            <\/div>\r\n                                                <div class=\"entry-body\">\r\n                            <div class=\"entry-holder\">\r\n                                                                    <ul class=\"entry-meta\">\r\n                                                                                    <li class=\"item-date\"><i class=\"fac fac-calendar-alt\"><\/i>22 \u0641\u0628\u0631\u0627\u064a\u0631 2022<\/li>\r\n                                                                                                                    <\/ul>\r\n                                                                <h3 class=\"entry-title\"><a href=\"https:\/\/atfd-tunisie.org\/ar\/%d8%a7%d8%b1%d9%81%d8%b9%d9%88%d8%a7-%d8%a3%d9%8a%d8%af%d9%8a%d9%83%d9%85-%d8%b9%d9%86-%d8%a3%d8%ac%d8%b3%d8%a7%d8%af-%d8%a7%d9%84%d9%86%d8%b3%d8%a7%d8%a1\/\">\u0627\u0631\u0641\u0639\u0648\u0627 \u0623\u064a\u062f\u064a\u0643\u0645 \u0639\u0646 \u0623\u062c\u0633\u0627\u062f \u0627\u0644\u0646\u0633\u0627\u0621<\/a><\/h3>\r\n                                                                    <div class=\"entry-readmore\">\r\n                                        <a href=\"https:\/\/atfd-tunisie.org\/ar\/%d8%a7%d8%b1%d9%81%d8%b9%d9%88%d8%a7-%d8%a3%d9%8a%d8%af%d9%8a%d9%83%d9%85-%d8%b9%d9%86-%d8%a3%d8%ac%d8%b3%d8%a7%d8%af-%d8%a7%d9%84%d9%86%d8%b3%d8%a7%d8%a1\/\">\r\n                                            \u0627\u0642\u0631\u0623 \u0627\u0644\u0645\u0642\u0627\u0644                                            <i class=\"fac fac-angle-double-right space-left\"><\/i>\r\n                                        <\/a>\r\n                                    <\/div>\r\n                                                            <\/div>\r\n                        <\/div>\r\n                    <\/div>\r\n                <\/div>\r\n                            <div class=\"grid-item col-xl-4 col-lg-4 col-md-4 col-sm-6 col-12 filter-category-102\">\r\n                    <div class=\"grid-item-inner \">\r\n                                                    <div class=\"entry-featured\">\r\n                                <a href=\"https:\/\/atfd-tunisie.org\/ar\/%d9%84%d8%a7-%d9%84%d9%84%d8%a5%d9%8a%d9%82%d8%a7%d9%81%d8%a7%d8%aa-%d9%84%d8%a7-%d9%84%d9%84%d9%85%d8%ad%d8%a7%d9%83%d9%85%d8%a7%d8%aa-%d9%86%d9%81%d8%a7%d8%b0-%d8%a7%d9%84%d9%86%d8%b3%d8%a7%d8%a1\/\"><img decoding=\"async\" class=\"disable-lazy no-lazyload \" src=\"https:\/\/atfd-tunisie.org\/wp-content\/uploads\/2022\/04\/photo-atdf.png\" width=\"337\" height=\"205\" alt=\"photo-atdf\" title=\"photo-atdf\" \/><\/a>\r\n                            <\/div>\r\n                                                <div class=\"entry-body\">\r\n                            <div class=\"entry-holder\">\r\n                                                                    <ul class=\"entry-meta\">\r\n                                                                                    <li class=\"item-date\"><i class=\"fac fac-calendar-alt\"><\/i>16 \u0641\u0628\u0631\u0627\u064a\u0631 2022<\/li>\r\n                                                                                                                    <\/ul>\r\n                                                                <h3 class=\"entry-title\"><a href=\"https:\/\/atfd-tunisie.org\/ar\/%d9%84%d8%a7-%d9%84%d9%84%d8%a5%d9%8a%d9%82%d8%a7%d9%81%d8%a7%d8%aa-%d9%84%d8%a7-%d9%84%d9%84%d9%85%d8%ad%d8%a7%d9%83%d9%85%d8%a7%d8%aa-%d9%86%d9%81%d8%a7%d8%b0-%d8%a7%d9%84%d9%86%d8%b3%d8%a7%d8%a1\/\">\u0644\u0627 \u0644\u0644\u0625\u064a\u0642\u0627\u0641\u0627\u062a \u0644\u0627 \u0644\u0644\u0645\u062d\u0627\u0643\u0645\u0627\u062a \u0646\u0641\u0627\u0630 \u0627\u0644\u0646\u0633\u0627\u0621 \u0625\u0644\u0649 \u0627\u0644\u0623\u0631\u0636 \u062d\u0642 \u0645\u0634 \u0645\u0632\u064a\u0629<\/a><\/h3>\r\n                                                                    <div class=\"entry-readmore\">\r\n                                        <a href=\"https:\/\/atfd-tunisie.org\/ar\/%d9%84%d8%a7-%d9%84%d9%84%d8%a5%d9%8a%d9%82%d8%a7%d9%81%d8%a7%d8%aa-%d9%84%d8%a7-%d9%84%d9%84%d9%85%d8%ad%d8%a7%d9%83%d9%85%d8%a7%d8%aa-%d9%86%d9%81%d8%a7%d8%b0-%d8%a7%d9%84%d9%86%d8%b3%d8%a7%d8%a1\/\">\r\n                                            \u0627\u0642\u0631\u0623 \u0627\u0644\u0645\u0642\u0627\u0644                                            <i class=\"fac fac-angle-double-right space-left\"><\/i>\r\n                                        <\/a>\r\n                                    <\/div>\r\n                                                            <\/div>\r\n                        <\/div>\r\n                    <\/div>\r\n                <\/div>\r\n                <\/div>\r\n        <\/div>\t\t\t\t<\/div>\n\t\t\t\t<\/div>\n\t\t            <\/div>\n        <\/div>\n                    <\/div>\n        <\/section>\n        \t\t<\/div>\n\t\t","protected":false},"excerpt":{"rendered":"<p>\u0627\u0644\u0628\u064a\u0627\u0646\u0627\u062a \u0628\u064a\u0627\u0646\u0627\u062a \u0627\u0644\u062c\u0645\u0639\u064a\u0629 \u0627\u0644\u062a\u0648\u0646\u0633\u064a\u0629 \u0644\u0644\u0646\u0633\u0627\u0621 \u0627\u0644\u062f\u064a\u0645\u0642\u0631\u0627\u0637\u064a\u0627\u062a 24 mai 2022 \u0628\u064a\u0627\u0646 \u0645\u0633\u0627\u0646\u062f\u0629 \u0627\u0642\u0631\u0623 \u0627\u0644\u0645\u0642\u0627\u0644<\/p>\n","protected":false},"author":12,"featured_media":0,"parent":0,"menu_order":0,"comment_status":"closed","ping_status":"closed","template":"","meta":{"footnotes":""},"class_list":["post-6932","page","type-page","status-publish","hentry"],"_links":{"self":[{"href":"https:\/\/atfd-tunisie.org\/ar\/wp-json\/wp\/v2\/pages\/6932","targetHints":{"allow":["GET"]}}],"collection":[{"href":"https:\/\/atfd-tunisie.org\/ar\/wp-json\/wp\/v2\/pages"}],"about":[{"href":"https:\/\/atfd-tunisie.org\/ar\/wp-json\/wp\/v2\/types\/page"}],"author":[{"embeddable":true,"href":"https:\/\/atfd-tunisie.org\/ar\/wp-json\/wp\/v2\/users\/12"}],"replies":[{"embeddable":true,"href":"https:\/\/atfd-tunisie.org\/ar\/wp-json\/wp\/v2\/comments?post=6932"}],"version-history":[{"count":7,"href":"https:\/\/atfd-tunisie.org\/ar\/wp-json\/wp\/v2\/pages\/6932\/revisions"}],"predecessor-version":[{"id":6939,"href":"https:\/\/atfd-tunisie.org\/ar\/wp-json\/wp\/v2\/pages\/6932\/revisions\/6939"}],"wp:attachment":[{"href":"https:\/\/atfd-tunisie.org\/ar\/wp-json\/wp\/v2\/media?parent=6932"}],"curies":[{"name":"wp","href":"https:\/\/api.w.org\/{rel}","templated":true}]}}